{"id":6,"date":"2021-07-27T17:08:49","date_gmt":"2021-07-27T20:08:49","guid":{"rendered":"http:\/\/capixabamix.com.br\/?page_id=6"},"modified":"2021-09-13T13:10:22","modified_gmt":"2021-09-13T16:10:22","slug":"sobre","status":"publish","type":"page","link":"http:\/\/capixabamix.com.br\/index.php\/sobre\/","title":{"rendered":"Sobre"},"content":{"rendered":"<h1>R\u00e1dio Capixaba Mix<\/h1>\n<h4>Chegou a <strong>CAPIXABA MIX<\/strong> para deixar o seu dia muito mais alegre com o melhor do Sertanejo atual, com uma programa\u00e7\u00e3o alegre, recheada de novidades, m\u00fasica para matar a saudade, e voc\u00ea que gosta de samba e pagode, vai rolar por aqui tamb\u00e9m porque aqui \u00e9 do seu jeito, a R\u00e1dio que chegou pra ficar nos cora\u00e7\u00f5es dos Capixabas!<\/h4>\n<h4>\nCapixaba MIX aqui \u00e9 do seu Jeito!<\/h4>\n<h4>Acesse os portais de R\u00e1dio para ouvir nossa programa\u00e7\u00e3o ou aperte o play ao lado.<br \/>\n<a href=\"http:\/\/www.radiosnet.com\" target=\"_blank\" rel=\"noopener\"> <img loading=\"lazy\" decoding=\"async\" src=\"http:\/\/www.radios.com.br\/gif\/160x600_APP_Nossa_RadiosNet.jpg\" alt=\"Ou\u00e7a agora nossa r\u00e1dio no celular ou tablet\" width=\"160\" height=\"600\" border=\"0\" \/> <\/a><\/h4>\n","protected":false},"excerpt":{"rendered":"<p>R\u00e1dio Capixaba Mix Chegou a CAPIXABA MIX para deixar o seu dia muito mais alegre com o melhor do Sertanejo [&hellip;]<\/p>\n","protected":false},"author":1,"featured_media":0,"parent":0,"menu_order":0,"comment_status":"closed","ping_status":"closed","template":"","meta":{"footnotes":""},"class_list":["post-6","page","type-page","status-publish","hentry"],"_links":{"self":[{"href":"http:\/\/capixabamix.com.br\/index.php\/wp-json\/wp\/v2\/pages\/6","targetHints":{"allow":["GET"]}}],"collection":[{"href":"http:\/\/capixabamix.com.br\/index.php\/wp-json\/wp\/v2\/pages"}],"about":[{"href":"http:\/\/capixabamix.com.br\/index.php\/wp-json\/wp\/v2\/types\/page"}],"author":[{"embeddable":true,"href":"http:\/\/capixabamix.com.br\/index.php\/wp-json\/wp\/v2\/users\/1"}],"replies":[{"embeddable":true,"href":"http:\/\/capixabamix.com.br\/index.php\/wp-json\/wp\/v2\/comments?post=6"}],"version-history":[{"count":9,"href":"http:\/\/capixabamix.com.br\/index.php\/wp-json\/wp\/v2\/pages\/6\/revisions"}],"predecessor-version":[{"id":240,"href":"http:\/\/capixabamix.com.br\/index.php\/wp-json\/wp\/v2\/pages\/6\/revisions\/240"}],"wp:attachment":[{"href":"http:\/\/capixabamix.com.br\/index.php\/wp-json\/wp\/v2\/media?parent=6"}],"curies":[{"name":"wp","href":"https:\/\/api.w.org\/{rel}","templated":true}]}}